{"id":3818,"date":"2024-02-10T14:54:18","date_gmt":"2024-02-10T14:54:18","guid":{"rendered":"https:\/\/thehuman.space\/blog\/"},"modified":"2025-01-09T06:54:07","modified_gmt":"2025-01-09T06:54:07","slug":"blog","status":"publish","type":"page","link":"https:\/\/thehuman.space\/de\/blog\/","title":{"rendered":"Blog"},"content":{"rendered":"\t\t<div data-elementor-type=\"wp-page\" data-elementor-id=\"3818\" class=\"elementor elementor-3818 elementor-408\" data-elementor-post-type=\"page\">\n\t\t\t\t<div class=\"elementor-element elementor-element-85fa6fc e-flex e-con-boxed e-con e-parent\" data-id=\"85fa6fc\" data-element_type=\"container\" data-e-type=\"container\">\n\t\t\t\t\t<div class=\"e-con-inner\">\n\t\t<div class=\"elementor-element elementor-element-4132737 e-con-full e-flex e-con e-child\" data-id=\"4132737\" data-element_type=\"container\" data-e-type=\"container\">\n\t\t\t\t<div class=\"elementor-element elementor-element-d6ff6ee elementor-widget elementor-widget-shortcode\" data-id=\"d6ff6ee\" data-element_type=\"widget\" data-e-type=\"widget\" data-widget_type=\"shortcode.default\">\n\t\t\t\t<div class=\"elementor-widget-container\">\n\t\t\t\t\t\t\t<div class=\"elementor-shortcode\"><div class=\"portfolio-filter-wrap\"><div class=\"portfolio-title separator blue\"><h2 class=\"elementor-heading-title elementor-size-default\">Blog<\/h2><\/div><div class=\"portfolio-dropdown\"><form id=\"portfolio-filter\"><div class=\"filter-categories\"><select name=\"categories\" id=\"categories\"><option value=\"\">Kategorie<\/option><option value=\"unkategorisiert\">Unkategorisiert<\/option><\/select><\/div><div class=\"filter-search\"><input type=\"text\" name=\"search\" id=\"portfolio-search\" placeholder=\"SUCHE\"><\/div><\/form><\/div><\/div><div id=\"portfolio-posts\"><div class=\"portfolio-wrapper\"><div class=\"portfolio-item image_left_col\"><div class=\"portfolio-thumb-wrap fullimageleft\"><div class=\"portfolio-thumb\"><a href=\"https:\/\/thehuman.space\/de\/das-jahresende-geschenk-den-ueberbringer-der-botschaft-annehmen\/\"><img decoding=\"async\" src=\"https:\/\/thehuman.space\/wp-content\/uploads\/2024\/02\/gift.jpg\" alt=\"Portfolio Image\"><\/a><\/div><\/div><div class=\"portfolio-content\"><h3><a href=\"https:\/\/thehuman.space\/de\/das-jahresende-geschenk-den-ueberbringer-der-botschaft-annehmen\/\">Das Jahresende Geschenk: Den \u00dcberbringer der Botschaft annehmen<\/a><\/h3><div class=\"portfolio-meta\">By Daniela Landherr on 16.7.2024<\/div><p>Das Jahresende naht, und manche F\u00fchrungskr\u00e4fte fragen sich vielleicht: Was schenke ich den Menschen in meiner Organisation? Genau das hat Daniela Landherr bei einem f\u00fchrenden internationalen Spielwarenunternehmen auf deren Reise zur Vereinfachung untersucht. Der Fokus: eine Kultur des Vertrauens aufzubauen, indem psychologische Sicherheit verst\u00e4rkt wird. Wie Amy Edmondson herausgefunden hat, ist eine der wichtigsten M\u00f6glichkeiten, psychologische Sicherheit zu verst\u00e4rken, den \u00dcberbringer d...<\/p><a class=\"readmore-btn my-btn\" href=\"https:\/\/thehuman.space\/de\/das-jahresende-geschenk-den-ueberbringer-der-botschaft-annehmen\/\">learn more<\/a><\/div><\/div><div class=\"portfolio-item image_right_col\"><div class=\"portfolio-thumb-wrap fullimageright\"><div class=\"portfolio-thumb\"><a href=\"https:\/\/thehuman.space\/de\/20-haeufige-fehler-die-c-level-fuehrungskraefte-bei-unternehmensweiten-e-mails-machen\/\"><img decoding=\"async\" src=\"https:\/\/thehuman.space\/wp-content\/uploads\/2024\/06\/yelling.jpg\" alt=\"Portfolio Image\"><\/a><\/div><\/div><div class=\"portfolio-content\"><h3><a href=\"https:\/\/thehuman.space\/de\/20-haeufige-fehler-die-c-level-fuehrungskraefte-bei-unternehmensweiten-e-mails-machen\/\">20 H\u00e4ufige Fehler, die C-Level-F\u00fchrungskr\u00e4fte bei unternehmensweiten E-Mails machen<\/a><\/h3><div class=\"portfolio-meta\">By Daniela Landherr on 9.2.2024<\/div><p>Unsere Gr\u00fcnderin, Daniela Landherr von The Human Space, ist in einem Forbes-Artikel \u00fcber \u201e20 H\u00e4ufige Fehler, die C-Level-F\u00fchrungskr\u00e4fte bei unternehmensweiten E-Mails machen\u201c vertreten. Sie gibt einen wichtigen Hinweis zum Thema \u201eTransaktionale Kommunikation\u201c: E-Mails von F\u00fchrungskr\u00e4ften auf C-Level k\u00f6nnen schnell unpers\u00f6nlich und transaktional wirken, wodurch Mitarbeiter sich unwertgesch\u00e4tzt f\u00fchlen und den Eindruck gewinnen, dass die F\u00fchrungskr\u00e4fte sich nicht wirklich k\u00fcmm...<\/p><a class=\"readmore-btn my-btn\" href=\"https:\/\/thehuman.space\/de\/20-haeufige-fehler-die-c-level-fuehrungskraefte-bei-unternehmensweiten-e-mails-machen\/\">learn more<\/a><\/div><\/div><\/div><script>\n        jQuery(function($) {\n            \/\/ Create a variable to store the timer\n            var typingTimer;\n            var doneTypingInterval = 200; \/\/ Adjust this interval if needed (milliseconds)\n\n            $(\"#portfolio-filter select, #portfolio-search\").on(\"keyup change\", function() {\n                \/\/ Clear the previous timer\n                clearTimeout(typingTimer);\n\n                \/\/ Set a new timer\n                typingTimer = setTimeout(function() {\n                    var data = {\n                        action: \"portfolio_filter\",\n                        category: $(\"#categories\").val(),\n                        search: $(\"#portfolio-search\").val()\n                    };\n                    $.post(\"https:\/\/thehuman.space\/wp-admin\/admin-ajax.php\", data, function(response) {\n                        $(\"#portfolio-posts\").html(response);\n\t\t                adjustPortfolioItems();\n                    });\n                }, doneTypingInterval);\n            });\n\t\t\tadjustPortfolioItems();\n        });\n    <\/script><\/div>\n\t\t\t\t\t\t<\/div>\n\t\t\t\t<\/div>\n\t\t\t\t<\/div>\n\t\t\t\t\t<\/div>\n\t\t\t\t<\/div>\n\t\t<div class=\"elementor-element elementor-element-b6b41d0 e-flex e-con-boxed e-con e-parent\" data-id=\"b6b41d0\" data-element_type=\"container\" data-e-type=\"container\" data-settings=\"{&quot;background_background&quot;:&quot;classic&quot;}\">\n\t\t\t\t\t<div class=\"e-con-inner\">\n\t\t\t\t<div class=\"elementor-element elementor-element-3f7893e elementor-widget elementor-widget-heading\" data-id=\"3f7893e\" data-element_type=\"widget\" data-e-type=\"widget\" data-widget_type=\"heading.default\">\n\t\t\t\t<div class=\"elementor-widget-container\">\n\t\t\t\t\t<h2 class=\"elementor-heading-title elementor-size-default\">Sign up for our newsletter<\/h2>\t\t\t\t<\/div>\n\t\t\t\t<\/div>\n\t\t\t\t<div class=\"elementor-element elementor-element-7e64e5e elementor-widget elementor-widget-heading\" data-id=\"7e64e5e\" data-element_type=\"widget\" data-e-type=\"widget\" data-widget_type=\"heading.default\">\n\t\t\t\t<div class=\"elementor-widget-container\">\n\t\t\t\t\t<h2 class=\"elementor-heading-title elementor-size-default\">Receive insights, news and opportunities from The Human Space<\/h2>\t\t\t\t<\/div>\n\t\t\t\t<\/div>\n\t\t\t\t<div class=\"elementor-element elementor-element-96cceba elementor-widget__width-initial elementor-button-align-stretch elementor-widget elementor-widget-form\" data-id=\"96cceba\" data-element_type=\"widget\" data-e-type=\"widget\" data-settings=\"{&quot;button_width&quot;:&quot;30&quot;,&quot;step_next_label&quot;:&quot;Next&quot;,&quot;step_previous_label&quot;:&quot;Previous&quot;,&quot;step_type&quot;:&quot;number_text&quot;,&quot;step_icon_shape&quot;:&quot;circle&quot;}\" data-widget_type=\"form.default\">\n\t\t\t\t<div class=\"elementor-widget-container\">\n\t\t\t\t\t\t\t<form class=\"elementor-form\" method=\"post\" name=\"New Form\" aria-label=\"New Form\">\n\t\t\t<input type=\"hidden\" name=\"post_id\" value=\"3818\"\/>\n\t\t\t<input type=\"hidden\" name=\"form_id\" value=\"96cceba\"\/>\n\t\t\t<input type=\"hidden\" name=\"referer_title\" value=\"Blog\" \/>\n\n\t\t\t\t\t\t\t<input type=\"hidden\" name=\"queried_id\" value=\"3818\"\/>\n\t\t\t\n\t\t\t<div class=\"elementor-form-fields-wrapper elementor-labels-\">\n\t\t\t\t\t\t\t\t<div class=\"elementor-field-type-email elementor-field-group elementor-column elementor-field-group-email elementor-col-70 elementor-field-required\">\n\t\t\t\t\t\t\t\t\t\t\t\t<label for=\"form-field-email\" class=\"elementor-field-label elementor-screen-only\">\n\t\t\t\t\t\t\t\tYOURNAME@MAIL.COM\t\t\t\t\t\t\t<\/label>\n\t\t\t\t\t\t\t\t\t\t\t\t\t\t<input size=\"1\" type=\"email\" name=\"form_fields[email]\" id=\"form-field-email\" class=\"elementor-field elementor-size-sm  elementor-field-textual\" placeholder=\"YOURNAME@MAIL.COM\" required=\"required\">\n\t\t\t\t\t\t\t\t\t\t\t<\/div>\n\t\t\t\t\t\t\t\t<div class=\"elementor-field-group elementor-column elementor-field-type-submit elementor-col-30 e-form__buttons\">\n\t\t\t\t\t<button class=\"elementor-button elementor-size-sm\" type=\"submit\">\n\t\t\t\t\t\t<span class=\"elementor-button-content-wrapper\">\n\t\t\t\t\t\t\t\t\t\t\t\t\t\t\t\t\t\t\t\t\t\t<span class=\"elementor-button-text\">SIGN UP<\/span>\n\t\t\t\t\t\t\t\t\t\t\t\t\t<\/span>\n\t\t\t\t\t<\/button>\n\t\t\t\t<\/div>\n\t\t\t<\/div>\n\t\t<\/form>\n\t\t\t\t\t\t<\/div>\n\t\t\t\t<\/div>\n\t\t\t\t\t<\/div>\n\t\t\t\t<\/div>\n\t\t\t\t<\/div>\n\t\t","protected":false},"excerpt":{"rendered":"<p>Sign up for our newsletter Receive insights, news and opportunities from The Human Space<\/p>\n","protected":false},"author":1,"featured_media":3754,"parent":0,"menu_order":0,"comment_status":"closed","ping_status":"closed","template":"elementor_theme","meta":{"_seopress_robots_primary_cat":"","_seopress_titles_title":"","_seopress_titles_desc":"","_seopress_robots_index":"","_joinchat":[],"footnotes":""},"class_list":["post-3818","page","type-page","status-publish","has-post-thumbnail","hentry"],"_links":{"self":[{"href":"https:\/\/thehuman.space\/de\/wp-json\/wp\/v2\/pages\/3818","targetHints":{"allow":["GET"]}}],"collection":[{"href":"https:\/\/thehuman.space\/de\/wp-json\/wp\/v2\/pages"}],"about":[{"href":"https:\/\/thehuman.space\/de\/wp-json\/wp\/v2\/types\/page"}],"author":[{"embeddable":true,"href":"https:\/\/thehuman.space\/de\/wp-json\/wp\/v2\/users\/1"}],"replies":[{"embeddable":true,"href":"https:\/\/thehuman.space\/de\/wp-json\/wp\/v2\/comments?post=3818"}],"version-history":[{"count":6,"href":"https:\/\/thehuman.space\/de\/wp-json\/wp\/v2\/pages\/3818\/revisions"}],"predecessor-version":[{"id":4322,"href":"https:\/\/thehuman.space\/de\/wp-json\/wp\/v2\/pages\/3818\/revisions\/4322"}],"wp:featuredmedia":[{"embeddable":true,"href":"https:\/\/thehuman.space\/de\/wp-json\/wp\/v2\/media\/3754"}],"wp:attachment":[{"href":"https:\/\/thehuman.space\/de\/wp-json\/wp\/v2\/media?parent=3818"}],"curies":[{"name":"wp","href":"https:\/\/api.w.org\/{rel}","templated":true}]}}