{"id":3821,"date":"2024-05-07T08:12:45","date_gmt":"2024-05-07T08:12:45","guid":{"rendered":"https:\/\/thehuman.space\/legal-note\/"},"modified":"2024-09-08T23:07:27","modified_gmt":"2024-09-08T23:07:27","slug":"impressum","status":"publish","type":"page","link":"https:\/\/thehuman.space\/de\/impressum\/","title":{"rendered":"Impressum"},"content":{"rendered":"\t\t<div data-elementor-type=\"wp-page\" data-elementor-id=\"3821\" class=\"elementor elementor-3821 elementor-1370\" data-elementor-post-type=\"page\">\n\t\t\t\t<div class=\"elementor-element elementor-element-fcb054b e-flex e-con-boxed e-con e-parent\" data-id=\"fcb054b\" data-element_type=\"container\" data-e-type=\"container\">\n\t\t\t\t\t<div class=\"e-con-inner\">\n\t\t\t\t<div class=\"elementor-element elementor-element-47b1036 separator blue elementor-widget elementor-widget-heading\" data-id=\"47b1036\" data-element_type=\"widget\" data-e-type=\"widget\" data-widget_type=\"heading.default\">\n\t\t\t\t<div class=\"elementor-widget-container\">\n\t\t\t\t\t<h1 class=\"elementor-heading-title elementor-size-default\">Impressum<\/h1>\t\t\t\t<\/div>\n\t\t\t\t<\/div>\n\t\t\t\t<div class=\"elementor-element elementor-element-25149d3 elementor-widget elementor-widget-text-editor\" data-id=\"25149d3\" data-element_type=\"widget\" data-e-type=\"widget\" data-widget_type=\"text-editor.default\">\n\t\t\t\t<div class=\"elementor-widget-container\">\n\t\t\t\t\t\t\t\t\t<p><b>DIE HUMAN SPACE AG<br \/><\/b><span style=\"color: var( --e-global-color-secondary ); text-align: var(--text-align);\">Zugerstrasse 40<br \/><\/span><span style=\"color: var( --e-global-color-secondary ); text-align: var(--text-align);\">8810 Horgen<br \/><\/span><span style=\"color: var( --e-global-color-secondary ); text-align: var(--text-align);\">Schweiz<br \/><\/span><span style=\"color: var( --e-global-color-secondary ); text-align: var(--text-align);\">contact@thehuman.space<\/span><\/p><p><b>Bevollm\u00e4chtigter Vertreter:<br \/><\/b><span style=\"color: var( --e-global-color-secondary ); text-align: var(--text-align);\">Daniela Landherr<\/span><\/p><p><b>Handelsregister des Kantons Z\u00fcrich<br \/><\/b><span style=\"color: var( --e-global-color-secondary ); text-align: var(--text-align);\">UID: CHE-284.807.481<\/span><\/p><p><b>UID\/MwSt.:<\/b><span style=\"font-weight: 400;\">\u00a0<br \/><\/span><span style=\"color: var( --e-global-color-secondary ); text-align: var(--text-align);\">CHE-284.807.481 MWST<\/span><\/p><p><b>Haftungsausschluss<br \/><\/b><span style=\"color: var( --e-global-color-secondary ); text-align: var(--text-align);\">Der Autor \u00fcbernimmt keinerlei Haftung f\u00fcr die Richtigkeit, Genauigkeit, Aktualit\u00e4t, Zuverl\u00e4ssigkeit und Vollst\u00e4ndigkeit der bereitgestellten Informationen.<br \/><\/span><span style=\"color: var( --e-global-color-secondary ); text-align: var(--text-align);\">Haftungsanspr\u00fcche gegen den Autor wegen Sch\u00e4den materieller oder immaterieller Art, die aus dem Zugriff oder der Nutzung oder Nichtnutzung der ver\u00f6ffentlichten Informationen, durch Missbrauch der Verbindung oder durch technische St\u00f6rungen entstehen, sind ausgeschlossen.<br \/><\/span><span style=\"color: var( --e-global-color-secondary ); text-align: var(--text-align);\">Alle Angebote sind unverbindlich. Der Autor beh\u00e4lt es sich ausdr\u00fccklich vor, Teile der Seiten oder das gesamte Angebot ohne gesonderte Ank\u00fcndigung zu ver\u00e4ndern, zu erg\u00e4nzen oder zu l\u00f6schen, oder die Ver\u00f6ffentlichung zeitweise oder endg\u00fcltig einzustellen.<\/span><\/p><p><b>Haftung f\u00fcr Links<br \/><\/b><span style=\"color: var( --e-global-color-secondary ); text-align: var(--text-align);\">Verweise und Links auf Websites Dritter liegen au\u00dferhalb unseres Verantwortungsbereichs. Wir \u00fcbernehmen keine Verantwortung f\u00fcr solche Websites. Der Zugriff auf und die Nutzung von solchen Websites erfolgt auf eigene Gefahr des Nutzers.<\/span><\/p><p><b>Urheberrecht<br \/><\/b><span style=\"color: var( --e-global-color-secondary ); text-align: var(--text-align);\">Das Urheberrecht und alle anderen Rechte an Inhalten, Bildern, Fotos oder anderen Dateien auf der Website geh\u00f6ren ausschlie\u00dflich der The Human Space AG oder den ausdr\u00fccklich genannten Rechteinhabern.<\/span><\/p>\t\t\t\t\t\t\t\t<\/div>\n\t\t\t\t<\/div>\n\t\t\t\t\t<\/div>\n\t\t\t\t<\/div>\n\t\t\t\t<\/div>\n\t\t","protected":false},"excerpt":{"rendered":"<p>Impressum DIE HUMAN SPACE AGZugerstrasse 408810 HorgenSchweizcontact@thehuman.space Bevollm\u00e4chtigter Vertreter:Daniela Landherr Handelsregister des Kantons Z\u00fcrichUID: CHE-284.807.481 UID\/MwSt.:\u00a0CHE-284.807.481 MWST HaftungsausschlussDer Autor \u00fcbernimmt keinerlei Haftung f\u00fcr die Richtigkeit, Genauigkeit, Aktualit\u00e4t, Zuverl\u00e4ssigkeit und Vollst\u00e4ndigkeit der bereitgestellten Informationen.Haftungsanspr\u00fcche gegen den Autor wegen Sch\u00e4den materieller oder immaterieller Art, die aus dem Zugriff oder der Nutzung oder Nichtnutzung der ver\u00f6ffentlichten Informationen, durch [&hellip;]<\/p>\n","protected":false},"author":1,"featured_media":3699,"parent":0,"menu_order":0,"comment_status":"closed","ping_status":"closed","template":"elementor_canvas","meta":{"_seopress_robots_primary_cat":"","_seopress_titles_title":"","_seopress_titles_desc":"","_seopress_robots_index":"","_joinchat":[],"footnotes":""},"class_list":["post-3821","page","type-page","status-publish","has-post-thumbnail","hentry"],"_links":{"self":[{"href":"https:\/\/thehuman.space\/de\/wp-json\/wp\/v2\/pages\/3821","targetHints":{"allow":["GET"]}}],"collection":[{"href":"https:\/\/thehuman.space\/de\/wp-json\/wp\/v2\/pages"}],"about":[{"href":"https:\/\/thehuman.space\/de\/wp-json\/wp\/v2\/types\/page"}],"author":[{"embeddable":true,"href":"https:\/\/thehuman.space\/de\/wp-json\/wp\/v2\/users\/1"}],"replies":[{"embeddable":true,"href":"https:\/\/thehuman.space\/de\/wp-json\/wp\/v2\/comments?post=3821"}],"version-history":[{"count":4,"href":"https:\/\/thehuman.space\/de\/wp-json\/wp\/v2\/pages\/3821\/revisions"}],"predecessor-version":[{"id":4033,"href":"https:\/\/thehuman.space\/de\/wp-json\/wp\/v2\/pages\/3821\/revisions\/4033"}],"wp:featuredmedia":[{"embeddable":true,"href":"https:\/\/thehuman.space\/de\/wp-json\/wp\/v2\/media\/3699"}],"wp:attachment":[{"href":"https:\/\/thehuman.space\/de\/wp-json\/wp\/v2\/media?parent=3821"}],"curies":[{"name":"wp","href":"https:\/\/api.w.org\/{rel}","templated":true}]}}