{"id":3823,"date":"2024-06-08T16:45:09","date_gmt":"2024-06-08T16:45:09","guid":{"rendered":"https:\/\/thehuman.space\/measure\/"},"modified":"2024-09-08T22:18:00","modified_gmt":"2024-09-08T22:18:00","slug":"measure","status":"publish","type":"page","link":"https:\/\/thehuman.space\/de\/measure\/","title":{"rendered":"Measure"},"content":{"rendered":"\t\t<div data-elementor-type=\"wp-page\" data-elementor-id=\"3823\" class=\"elementor elementor-3823 elementor-2555\" data-elementor-post-type=\"page\">\n\t\t\t\t<div class=\"elementor-element elementor-element-fcb054b e-flex e-con-boxed e-con e-parent\" data-id=\"fcb054b\" data-element_type=\"container\" data-e-type=\"container\">\n\t\t\t\t\t<div class=\"e-con-inner\">\n\t\t\t\t<div class=\"elementor-element elementor-element-47b1036 separator blue elementor-widget elementor-widget-heading\" data-id=\"47b1036\" data-element_type=\"widget\" data-e-type=\"widget\" data-widget_type=\"heading.default\">\n\t\t\t\t<div class=\"elementor-widget-container\">\n\t\t\t\t\t<h1 class=\"elementor-heading-title elementor-size-default\">Messen Sie Ihre Wirkung und Effektivit\u00e4t<\/h1>\t\t\t\t<\/div>\n\t\t\t\t<\/div>\n\t\t\t\t<div class=\"elementor-element elementor-element-25149d3 elementor-widget elementor-widget-text-editor\" data-id=\"25149d3\" data-element_type=\"widget\" data-e-type=\"widget\" data-widget_type=\"text-editor.default\">\n\t\t\t\t<div class=\"elementor-widget-container\">\n\t\t\t\t\t\t\t\t\t<p>Messen Sie den Einfluss Ihrer F\u00fchrung und die Effektivit\u00e4t Ihres Teams und Ihrer Organisation.<\/p>\t\t\t\t\t\t\t\t<\/div>\n\t\t\t\t<\/div>\n\t\t\t\t\t<\/div>\n\t\t\t\t<\/div>\n\t\t<div class=\"elementor-element elementor-element-67bae9b e-con-full e-flex e-con e-parent\" data-id=\"67bae9b\" data-element_type=\"container\" data-e-type=\"container\" data-settings=\"{&quot;background_background&quot;:&quot;classic&quot;}\">\n\t\t<div class=\"elementor-element elementor-element-7185bd3 e-con-full e-flex e-con e-child\" data-id=\"7185bd3\" data-element_type=\"container\" data-e-type=\"container\">\n\t\t\t\t<div class=\"elementor-element elementor-element-859e512 elementor-widget elementor-widget-image\" data-id=\"859e512\" data-element_type=\"widget\" data-e-type=\"widget\" data-widget_type=\"image.default\">\n\t\t\t\t<div class=\"elementor-widget-container\">\n\t\t\t\t\t\t\t\t\t\t\t\t\t\t\t<img decoding=\"async\" src=\"https:\/\/thehuman.space\/wp-content\/uploads\/elementor\/thumbs\/LCP-qpd8963ckzyx5yca11gu347rfk6joqx4w30maihxuo.jpg\" title=\"LCP\" alt=\"LCP\" loading=\"lazy\" \/>\t\t\t\t\t\t\t\t\t\t\t\t\t\t\t<\/div>\n\t\t\t\t<\/div>\n\t\t\t\t<\/div>\n\t\t<div class=\"elementor-element elementor-element-c6b0706 e-con-full e-flex e-con e-child\" data-id=\"c6b0706\" data-element_type=\"container\" data-e-type=\"container\">\n\t\t\t\t<div class=\"elementor-element elementor-element-db325f3 elementor-widget elementor-widget-heading\" data-id=\"db325f3\" data-element_type=\"widget\" data-e-type=\"widget\" data-widget_type=\"heading.default\">\n\t\t\t\t<div class=\"elementor-widget-container\">\n\t\t\t\t\t<h2 class=\"elementor-heading-title elementor-size-default\">Messen Sie Ihren F\u00fchrungs Einfluss mit dem LCP<\/h2>\t\t\t\t<\/div>\n\t\t\t\t<\/div>\n\t\t\t\t<div class=\"elementor-element elementor-element-598a20c elementor-widget elementor-widget-text-editor\" data-id=\"598a20c\" data-element_type=\"widget\" data-e-type=\"widget\" data-widget_type=\"text-editor.default\">\n\t\t\t\t<div class=\"elementor-widget-container\">\n\t\t\t\t\t\t\t\t\t<p>Messen Sie Ihren F\u00fchrungs Einfluss durch das Leadership Circle Profile\u2122 (LCP), eine der weltweit umfassendsten F\u00fchrung Bewertungen. Entdecken Sie Ihr Betriebsmodell und welche Kompetenzen und \u00dcberzeugungen Ihre F\u00fchrungseffektivit\u00e4t verst\u00e4rken oder einschr\u00e4nken. Ihre Ergebnisse werden mit denen von 3,5 Millionen anderen F\u00fchrungskr\u00e4ften weltweit verglichen, um Ihnen zu helfen zu verstehen, wie Ihre F\u00fchrung im globalen Kontext abschneidet.\u00a0<\/p>\t\t\t\t\t\t\t\t<\/div>\n\t\t\t\t<\/div>\n\t\t\t\t<div class=\"elementor-element elementor-element-741296d elementor-widget elementor-widget-text-editor\" data-id=\"741296d\" data-element_type=\"widget\" data-e-type=\"widget\" data-widget_type=\"text-editor.default\">\n\t\t\t\t<div class=\"elementor-widget-container\">\n\t\t\t\t\t\t\t\t\t<div><strong>Was Sie erhalten<\/strong><\/div><ul><li><p>Ihr pers\u00f6nlicher Leadership Circle Profile\u2122 (LCP) Bericht\u00a0<\/p><\/li><li><p>Anleitung zum Prozess, um das w<\/p><\/li><li><p>ertvollste Feedback zu erhalten Eine pers\u00f6nliche, 2-st\u00fcndige Nachbesprechung\u00a0<\/p><\/li><\/ul>\t\t\t\t\t\t\t\t<\/div>\n\t\t\t\t<\/div>\n\t\t\t\t<div class=\"elementor-element elementor-element-175426c my-btn elementor-widget elementor-widget-button\" data-id=\"175426c\" data-element_type=\"widget\" data-e-type=\"widget\" data-widget_type=\"button.default\">\n\t\t\t\t<div class=\"elementor-widget-container\">\n\t\t\t\t\t\t\t\t\t<div class=\"elementor-button-wrapper\">\n\t\t\t\t\t<a class=\"elementor-button elementor-button-link elementor-size-md\" href=\"#elementor-action%3Aaction%3Dpopup%3Aopen%26settings%3DeyJpZCI6NjUxLCJ0b2dnbGUiOmZhbHNlfQ%3D%3D\">\n\t\t\t\t\t\t<span class=\"elementor-button-content-wrapper\">\n\t\t\t\t\t\t\t\t\t<span class=\"elementor-button-text\">LCP Anfordern<\/span>\n\t\t\t\t\t<\/span>\n\t\t\t\t\t<\/a>\n\t\t\t\t<\/div>\n\t\t\t\t\t\t\t\t<\/div>\n\t\t\t\t<\/div>\n\t\t\t\t<\/div>\n\t\t\t\t<\/div>\n\t\t<div class=\"elementor-element elementor-element-8e7d92d e-flex e-con-boxed e-con e-parent\" data-id=\"8e7d92d\" data-element_type=\"container\" data-e-type=\"container\">\n\t\t\t\t\t<div class=\"e-con-inner\">\n\t\t\t\t<div class=\"elementor-element elementor-element-0b21408 elementor-widget elementor-widget-spacer\" data-id=\"0b21408\" data-element_type=\"widget\" data-e-type=\"widget\" data-widget_type=\"spacer.default\">\n\t\t\t\t<div class=\"elementor-widget-container\">\n\t\t\t\t\t\t\t<div class=\"elementor-spacer\">\n\t\t\t<div class=\"elementor-spacer-inner\"><\/div>\n\t\t<\/div>\n\t\t\t\t\t\t<\/div>\n\t\t\t\t<\/div>\n\t\t\t\t\t<\/div>\n\t\t\t\t<\/div>\n\t\t<div class=\"elementor-element elementor-element-f74d6c7 e-con-full e-flex e-con e-parent\" data-id=\"f74d6c7\" data-element_type=\"container\" data-e-type=\"container\" data-settings=\"{&quot;background_background&quot;:&quot;classic&quot;}\">\n\t\t<div class=\"elementor-element elementor-element-e99c415 e-con-full e-flex e-con e-child\" data-id=\"e99c415\" data-element_type=\"container\" data-e-type=\"container\">\n\t\t\t\t<div class=\"elementor-element elementor-element-35debe5 elementor-widget elementor-widget-image\" data-id=\"35debe5\" data-element_type=\"widget\" data-e-type=\"widget\" data-widget_type=\"image.default\">\n\t\t\t\t<div class=\"elementor-widget-container\">\n\t\t\t\t\t\t\t\t\t\t\t\t\t\t\t<img decoding=\"async\" src=\"https:\/\/thehuman.space\/wp-content\/uploads\/elementor\/thumbs\/psi-qpd9c6e87hdazdog8whgk9uex7wx4js495o19wnrmo.jpg\" title=\"psi\" alt=\"psi\" loading=\"lazy\" \/>\t\t\t\t\t\t\t\t\t\t\t\t\t\t\t<\/div>\n\t\t\t\t<\/div>\n\t\t\t\t<\/div>\n\t\t<div class=\"elementor-element elementor-element-70d1595 e-con-full e-flex e-con e-child\" data-id=\"70d1595\" data-element_type=\"container\" data-e-type=\"container\">\n\t\t\t\t<div class=\"elementor-element elementor-element-aadfdfd elementor-widget elementor-widget-heading\" data-id=\"aadfdfd\" data-element_type=\"widget\" data-e-type=\"widget\" data-widget_type=\"heading.default\">\n\t\t\t\t<div class=\"elementor-widget-container\">\n\t\t\t\t\t<h2 class=\"elementor-heading-title elementor-size-default\">Testen Sie die psychologische Sicherheit in Ihrem Team<\/h2>\t\t\t\t<\/div>\n\t\t\t\t<\/div>\n\t\t\t\t<div class=\"elementor-element elementor-element-8314a8b elementor-widget elementor-widget-text-editor\" data-id=\"8314a8b\" data-element_type=\"widget\" data-e-type=\"widget\" data-widget_type=\"text-editor.default\">\n\t\t\t\t<div class=\"elementor-widget-container\">\n\t\t\t\t\t\t\t\t\t<p>Messen Sie das wahrgenommene Niveau der psychologischen Sicherheit in Ihrem Team mit diesem Test und vergleichen Sie Ihre Ergebnisse mit den globalen Benchmark-Daten des Psychological Safety Index (PSI) von Amy Edmondson. Jedes Teammitglied beantwortet 7 Fragen zur Hilfsbereitschaft, Inklusion und Vielfalt, Einstellung zu Risiko und Scheitern sowie zur offenen Kommunikation. Kombinieren Sie diesen Test mit einer Nachbesprechung, um Ihre Ergebnisse in einem sicher gestalteten Raum zu diskutieren.\u00a0<\/p>\t\t\t\t\t\t\t\t<\/div>\n\t\t\t\t<\/div>\n\t\t\t\t<div class=\"elementor-element elementor-element-c38e05d elementor-widget elementor-widget-text-editor\" data-id=\"c38e05d\" data-element_type=\"widget\" data-e-type=\"widget\" data-widget_type=\"text-editor.default\">\n\t\t\t\t<div class=\"elementor-widget-container\">\n\t\t\t\t\t\t\t\t\t<div><strong>Was Sie erhalten<\/strong><\/div><ul><li><p>Umfrage zur Messung der wahrgenommenen psychologischen Sicherheit in Ihrem Team<\/p><\/li><li><p>Ergebnisse zum Vergleich Ihrer Daten mit dem globalen Benchmark innerhalb des PSI von Amy Edmondson<\/p><\/li><li><p>Optional pers\u00f6nliche Berichte f\u00fcr jede F\u00fchrungskraft im Team, die zeigen, wie sie im Vergleich zu den Teamdaten abschneiden\u00a0<\/p><\/li><\/ul>\t\t\t\t\t\t\t\t<\/div>\n\t\t\t\t<\/div>\n\t\t\t\t<div class=\"elementor-element elementor-element-41baae0 my-btn elementor-widget elementor-widget-button\" data-id=\"41baae0\" data-element_type=\"widget\" data-e-type=\"widget\" data-widget_type=\"button.default\">\n\t\t\t\t<div class=\"elementor-widget-container\">\n\t\t\t\t\t\t\t\t\t<div class=\"elementor-button-wrapper\">\n\t\t\t\t\t<a class=\"elementor-button elementor-button-link elementor-size-md\" href=\"#elementor-action%3Aaction%3Dpopup%3Aopen%26settings%3DeyJpZCI6NjUxLCJ0b2dnbGUiOmZhbHNlfQ%3D%3D\">\n\t\t\t\t\t\t<span class=\"elementor-button-content-wrapper\">\n\t\t\t\t\t\t\t\t\t<span class=\"elementor-button-text\">PSI Test Anfordern<\/span>\n\t\t\t\t\t<\/span>\n\t\t\t\t\t<\/a>\n\t\t\t\t<\/div>\n\t\t\t\t\t\t\t\t<\/div>\n\t\t\t\t<\/div>\n\t\t\t\t<\/div>\n\t\t\t\t<\/div>\n\t\t<div class=\"elementor-element elementor-element-37d93db e-flex e-con-boxed e-con e-parent\" data-id=\"37d93db\" data-element_type=\"container\" data-e-type=\"container\">\n\t\t\t\t\t<div class=\"e-con-inner\">\n\t\t\t\t<div class=\"elementor-element elementor-element-a5f585b elementor-widget elementor-widget-spacer\" data-id=\"a5f585b\" data-element_type=\"widget\" data-e-type=\"widget\" data-widget_type=\"spacer.default\">\n\t\t\t\t<div class=\"elementor-widget-container\">\n\t\t\t\t\t\t\t<div class=\"elementor-spacer\">\n\t\t\t<div class=\"elementor-spacer-inner\"><\/div>\n\t\t<\/div>\n\t\t\t\t\t\t<\/div>\n\t\t\t\t<\/div>\n\t\t\t\t\t<\/div>\n\t\t\t\t<\/div>\n\t\t<div class=\"elementor-element elementor-element-59e2780 e-con-full e-flex e-con e-parent\" data-id=\"59e2780\" data-element_type=\"container\" data-e-type=\"container\" data-settings=\"{&quot;background_background&quot;:&quot;classic&quot;}\">\n\t\t<div class=\"elementor-element elementor-element-afba309 e-con-full e-flex e-con e-child\" data-id=\"afba309\" data-element_type=\"container\" data-e-type=\"container\">\n\t\t\t\t<div class=\"elementor-element elementor-element-d3fede4 elementor-widget elementor-widget-image\" data-id=\"d3fede4\" data-element_type=\"widget\" data-e-type=\"widget\" data-widget_type=\"image.default\">\n\t\t\t\t<div class=\"elementor-widget-container\">\n\t\t\t\t\t\t\t\t\t\t\t\t\t\t\t<img decoding=\"async\" src=\"https:\/\/thehuman.space\/wp-content\/uploads\/elementor\/thumbs\/datanew-qpdaizxjjrzjvvha7etm5gud54uvs5rwt3kcbp6468.jpg\" title=\"datanew\" alt=\"datanew\" loading=\"lazy\" \/>\t\t\t\t\t\t\t\t\t\t\t\t\t\t\t<\/div>\n\t\t\t\t<\/div>\n\t\t\t\t<\/div>\n\t\t<div class=\"elementor-element elementor-element-adf8b7a e-con-full e-flex e-con e-child\" data-id=\"adf8b7a\" data-element_type=\"container\" data-e-type=\"container\">\n\t\t\t\t<div class=\"elementor-element elementor-element-31813a9 elementor-widget elementor-widget-heading\" data-id=\"31813a9\" data-element_type=\"widget\" data-e-type=\"widget\" data-widget_type=\"heading.default\">\n\t\t\t\t<div class=\"elementor-widget-container\">\n\t\t\t\t\t<h2 class=\"elementor-heading-title elementor-size-default\">Messen Sie die F\u00e4higkeit und Effektivit\u00e4t Ihrer Organisation<\/h2>\t\t\t\t<\/div>\n\t\t\t\t<\/div>\n\t\t\t\t<div class=\"elementor-element elementor-element-b2a46c5 elementor-widget elementor-widget-text-editor\" data-id=\"b2a46c5\" data-element_type=\"widget\" data-e-type=\"widget\" data-widget_type=\"text-editor.default\">\n\t\t\t\t<div class=\"elementor-widget-container\">\n\t\t\t\t\t\t\t\t\t<p>Dieser Service umfasst eine umfassende, unternehmensweite Umfrage unter allen Mitarbeitern zur wahrgenommenen Kultur und der daraus resultierenden F\u00e4higkeit, effektiv zu arbeiten und einen sinnvollen Beitrag zu leisten.\u00a0<\/p>\t\t\t\t\t\t\t\t<\/div>\n\t\t\t\t<\/div>\n\t\t\t\t<div class=\"elementor-element elementor-element-7cbdf8c elementor-widget elementor-widget-text-editor\" data-id=\"7cbdf8c\" data-element_type=\"widget\" data-e-type=\"widget\" data-widget_type=\"text-editor.default\">\n\t\t\t\t<div class=\"elementor-widget-container\">\n\t\t\t\t\t\t\t\t\t<div><strong>Was Sie erhalten<\/strong><\/div><ul><li><p>Eine massgeschneiderte unternehmensweite Mitarbeiterbefragung\u00a0<\/p><\/li><li><p>Ergebnisse, die zeigen, wie die Unternehmenskultur die Effektivit\u00e4t der Organisation f\u00f6rdert oder blockiert<\/p><\/li><li><p>Optional einen Massnahmenplan mit Empfehlungen zu Interventionen und Aktionen\u00a0<\/p><\/li><li><p>Optional Manager-Schulungen zur Durchf\u00fchrung von Teambesprechungen, um Massnahmen voranzutreiben\u00a0<\/p><\/li><\/ul>\t\t\t\t\t\t\t\t<\/div>\n\t\t\t\t<\/div>\n\t\t\t\t<div class=\"elementor-element elementor-element-ead8a16 my-btn elementor-widget elementor-widget-button\" data-id=\"ead8a16\" data-element_type=\"widget\" data-e-type=\"widget\" data-widget_type=\"button.default\">\n\t\t\t\t<div class=\"elementor-widget-container\">\n\t\t\t\t\t\t\t\t\t<div class=\"elementor-button-wrapper\">\n\t\t\t\t\t<a class=\"elementor-button elementor-button-link elementor-size-md\" href=\"#elementor-action%3Aaction%3Dpopup%3Aopen%26settings%3DeyJpZCI6NjUxLCJ0b2dnbGUiOmZhbHNlfQ%3D%3D\">\n\t\t\t\t\t\t<span class=\"elementor-button-content-wrapper\">\n\t\t\t\t\t\t\t\t\t<span class=\"elementor-button-text\">Organisation Umfrage anfordern<\/span>\n\t\t\t\t\t<\/span>\n\t\t\t\t\t<\/a>\n\t\t\t\t<\/div>\n\t\t\t\t\t\t\t\t<\/div>\n\t\t\t\t<\/div>\n\t\t\t\t<\/div>\n\t\t\t\t<\/div>\n\t\t<div class=\"elementor-element elementor-element-fe3be5a e-flex e-con-boxed e-con e-parent\" data-id=\"fe3be5a\" data-element_type=\"container\" data-e-type=\"container\">\n\t\t\t\t\t<div class=\"e-con-inner\">\n\t\t\t\t<div class=\"elementor-element elementor-element-e5e5a72 elementor-widget elementor-widget-spacer\" data-id=\"e5e5a72\" data-element_type=\"widget\" data-e-type=\"widget\" data-widget_type=\"spacer.default\">\n\t\t\t\t<div class=\"elementor-widget-container\">\n\t\t\t\t\t\t\t<div class=\"elementor-spacer\">\n\t\t\t<div class=\"elementor-spacer-inner\"><\/div>\n\t\t<\/div>\n\t\t\t\t\t\t<\/div>\n\t\t\t\t<\/div>\n\t\t\t\t\t<\/div>\n\t\t\t\t<\/div>\n\t\t<div class=\"elementor-element elementor-element-de930f6 e-con-full e-flex e-con e-parent\" data-id=\"de930f6\" data-element_type=\"container\" data-e-type=\"container\" data-settings=\"{&quot;background_background&quot;:&quot;classic&quot;}\">\n\t\t<div class=\"elementor-element elementor-element-52d1660 e-con-full e-flex e-con e-child\" data-id=\"52d1660\" data-element_type=\"container\" data-e-type=\"container\">\n\t\t\t\t<div class=\"elementor-element elementor-element-7b1009e elementor-widget elementor-widget-image\" data-id=\"7b1009e\" data-element_type=\"widget\" data-e-type=\"widget\" data-widget_type=\"image.default\">\n\t\t\t\t<div class=\"elementor-widget-container\">\n\t\t\t\t\t\t\t\t\t\t\t\t\t\t\t<img decoding=\"async\" src=\"https:\/\/thehuman.space\/wp-content\/uploads\/elementor\/thumbs\/Zebra-istock-qp6li7r3vu4jfyzoitorh0utb3m5sbjrv0fb32bli8.jpg\" title=\"Zebra istock\" alt=\"Zebra istock\" loading=\"lazy\" \/>\t\t\t\t\t\t\t\t\t\t\t\t\t\t\t<\/div>\n\t\t\t\t<\/div>\n\t\t\t\t<\/div>\n\t\t<div class=\"elementor-element elementor-element-f169b5b e-con-full e-flex e-con e-child\" data-id=\"f169b5b\" data-element_type=\"container\" data-e-type=\"container\">\n\t\t\t\t<div class=\"elementor-element elementor-element-9a12702 elementor-widget elementor-widget-heading\" data-id=\"9a12702\" data-element_type=\"widget\" data-e-type=\"widget\" data-widget_type=\"heading.default\">\n\t\t\t\t<div class=\"elementor-widget-container\">\n\t\t\t\t\t<h2 class=\"elementor-heading-title elementor-size-default\">Messen Sie Ihre Energie<\/h2>\t\t\t\t<\/div>\n\t\t\t\t<\/div>\n\t\t\t\t<div class=\"elementor-element elementor-element-d8893b6 elementor-widget elementor-widget-text-editor\" data-id=\"d8893b6\" data-element_type=\"widget\" data-e-type=\"widget\" data-widget_type=\"text-editor.default\">\n\t\t\t\t<div class=\"elementor-widget-container\">\n\t\t\t\t\t\t\t\t\t<p>Map and measure your personal energy using our Energy Insights (EI) mapping tool, which will help you understand what gives you energy and what drains it. Identify your triggers and patterns. Combine this with coaching to learn how to turn negative energy into positive energy using mindset shifting techniques.<span style=\"color: var( --e-global-color-secondary ); font-size: 1rem; text-align: var(--text-align);\">&nbsp;<\/span><\/p>\t\t\t\t\t\t\t\t<\/div>\n\t\t\t\t<\/div>\n\t\t\t\t<div class=\"elementor-element elementor-element-7740806 elementor-widget elementor-widget-text-editor\" data-id=\"7740806\" data-element_type=\"widget\" data-e-type=\"widget\" data-widget_type=\"text-editor.default\">\n\t\t\t\t<div class=\"elementor-widget-container\">\n\t\t\t\t\t\t\t\t\t<div><strong>Was Sie erhalten<\/strong><\/div><ul><li><span style=\"background-color: transparent; color: var( --e-global-color-text ); text-align: var(--text-align);\">A better understanding of what gives you energy and what drains it<\/span><\/li><li><span style=\"background-color: transparent; color: var( --e-global-color-text ); text-align: var(--text-align);\">Discovery of triggers and patterns that affect your energy levels<\/span><\/li><li><span style=\"background-color: transparent; color: var( --e-global-color-text ); text-align: var(--text-align);\">Mindset shifting techniques to change negative energy into positive energy<\/span><\/li><\/ul>\t\t\t\t\t\t\t\t<\/div>\n\t\t\t\t<\/div>\n\t\t\t\t<div class=\"elementor-element elementor-element-e04d609 my-btn elementor-widget elementor-widget-button\" data-id=\"e04d609\" data-element_type=\"widget\" data-e-type=\"widget\" data-widget_type=\"button.default\">\n\t\t\t\t<div class=\"elementor-widget-container\">\n\t\t\t\t\t\t\t\t\t<div class=\"elementor-button-wrapper\">\n\t\t\t\t\t<a class=\"elementor-button elementor-button-link elementor-size-md\" href=\"#elementor-action%3Aaction%3Dpopup%3Aopen%26settings%3DeyJpZCI6NjUxLCJ0b2dnbGUiOmZhbHNlfQ%3D%3D\">\n\t\t\t\t\t\t<span class=\"elementor-button-content-wrapper\">\n\t\t\t\t\t\t\t\t\t<span class=\"elementor-button-text\">Jetzt Anfordern<\/span>\n\t\t\t\t\t<\/span>\n\t\t\t\t\t<\/a>\n\t\t\t\t<\/div>\n\t\t\t\t\t\t\t\t<\/div>\n\t\t\t\t<\/div>\n\t\t\t\t<\/div>\n\t\t\t\t<\/div>\n\t\t<div class=\"elementor-element elementor-element-97e9004 e-flex e-con-boxed e-con e-parent\" data-id=\"97e9004\" data-element_type=\"container\" data-e-type=\"container\">\n\t\t\t\t\t<div class=\"e-con-inner\">\n\t\t\t\t<div class=\"elementor-element elementor-element-44a4993 elementor-widget elementor-widget-spacer\" data-id=\"44a4993\" data-element_type=\"widget\" data-e-type=\"widget\" data-widget_type=\"spacer.default\">\n\t\t\t\t<div class=\"elementor-widget-container\">\n\t\t\t\t\t\t\t<div class=\"elementor-spacer\">\n\t\t\t<div class=\"elementor-spacer-inner\"><\/div>\n\t\t<\/div>\n\t\t\t\t\t\t<\/div>\n\t\t\t\t<\/div>\n\t\t\t\t\t<\/div>\n\t\t\t\t<\/div>\n\t\t\t\t<\/div>\n\t\t","protected":false},"excerpt":{"rendered":"<p>Messen Sie Ihre Wirkung und Effektivit\u00e4t Messen Sie den Einfluss Ihrer F\u00fchrung und die Effektivit\u00e4t Ihres Teams und Ihrer Organisation. Messen Sie Ihren F\u00fchrungs Einfluss mit dem LCP Messen Sie Ihren F\u00fchrungs Einfluss durch das Leadership Circle Profile\u2122 (LCP), eine der weltweit umfassendsten F\u00fchrung Bewertungen. Entdecken Sie Ihr Betriebsmodell und welche Kompetenzen und \u00dcberzeugungen Ihre [&hellip;]<\/p>\n","protected":false},"author":2,"featured_media":3791,"parent":0,"menu_order":0,"comment_status":"closed","ping_status":"closed","template":"","meta":{"_seopress_robots_primary_cat":"","_seopress_titles_title":"","_seopress_titles_desc":"","_seopress_robots_index":"","_joinchat":[],"footnotes":""},"class_list":["post-3823","page","type-page","status-publish","has-post-thumbnail","hentry"],"_links":{"self":[{"href":"https:\/\/thehuman.space\/de\/wp-json\/wp\/v2\/pages\/3823","targetHints":{"allow":["GET"]}}],"collection":[{"href":"https:\/\/thehuman.space\/de\/wp-json\/wp\/v2\/pages"}],"about":[{"href":"https:\/\/thehuman.space\/de\/wp-json\/wp\/v2\/types\/page"}],"author":[{"embeddable":true,"href":"https:\/\/thehuman.space\/de\/wp-json\/wp\/v2\/users\/2"}],"replies":[{"embeddable":true,"href":"https:\/\/thehuman.space\/de\/wp-json\/wp\/v2\/comments?post=3823"}],"version-history":[{"count":27,"href":"https:\/\/thehuman.space\/de\/wp-json\/wp\/v2\/pages\/3823\/revisions"}],"predecessor-version":[{"id":3975,"href":"https:\/\/thehuman.space\/de\/wp-json\/wp\/v2\/pages\/3823\/revisions\/3975"}],"wp:featuredmedia":[{"embeddable":true,"href":"https:\/\/thehuman.space\/de\/wp-json\/wp\/v2\/media\/3791"}],"wp:attachment":[{"href":"https:\/\/thehuman.space\/de\/wp-json\/wp\/v2\/media?parent=3823"}],"curies":[{"name":"wp","href":"https:\/\/api.w.org\/{rel}","templated":true}]}}