{"id":3824,"date":"2024-05-07T08:30:22","date_gmt":"2024-05-07T08:30:22","guid":{"rendered":"https:\/\/thehuman.space\/privacy-policy\/"},"modified":"2024-09-08T23:22:11","modified_gmt":"2024-09-08T23:22:11","slug":"datenschutz","status":"publish","type":"page","link":"https:\/\/thehuman.space\/de\/datenschutz\/","title":{"rendered":"Datenschutz"},"content":{"rendered":"\t\t<div data-elementor-type=\"wp-page\" data-elementor-id=\"3824\" class=\"elementor elementor-3824 elementor-1389\" data-elementor-post-type=\"page\">\n\t\t\t\t<div class=\"elementor-element elementor-element-094cf98 e-flex e-con-boxed e-con e-parent\" data-id=\"094cf98\" data-element_type=\"container\" data-e-type=\"container\">\n\t\t\t\t\t<div class=\"e-con-inner\">\n\t\t\t\t<div class=\"elementor-element elementor-element-9807abc separator blue elementor-widget elementor-widget-heading\" data-id=\"9807abc\" data-element_type=\"widget\" data-e-type=\"widget\" data-widget_type=\"heading.default\">\n\t\t\t\t<div class=\"elementor-widget-container\">\n\t\t\t\t\t<h1 class=\"elementor-heading-title elementor-size-default\">Datenschutz<\/h1>\t\t\t\t<\/div>\n\t\t\t\t<\/div>\n\t\t\t\t<div class=\"elementor-element elementor-element-1e688b2 elementor-widget elementor-widget-text-editor\" data-id=\"1e688b2\" data-element_type=\"widget\" data-e-type=\"widget\" data-widget_type=\"text-editor.default\">\n\t\t\t\t<div class=\"elementor-widget-container\">\n\t\t\t\t\t\t\t\t\t<p><strong>Zuletzt aktualisiert am: 06.05.2024<\/strong><\/p><p><span style=\"font-weight: 300;\">Der transparente Umgang mit personenbezogenen Daten ist uns sehr wichtig. Diese Datenschutzerkl\u00e4rung gibt Auskunft dar\u00fcber, welche personenbezogenen Daten wir erheben, zu welchem Zweck und an wen wir sie weitergeben. Wir \u00fcberpr\u00fcfen und aktualisieren regelm\u00e4\u00dfig diese Datenschutzrichtlinie, um ein H\u00f6chstma\u00df an Transparenz sicherzustellen.<\/span><\/p><p><strong>1. Welche Dienste wir nutzen<\/strong><\/p><p><span style=\"font-weight: 300;\">MailChimp, Google Analytics, Calendly, Google Kundenrezensionen, Google My Business, WhatsApp Business Chat, Cloudflare CDN, Font Awesome, Google Cloud Storage, Google Fonts API, Google Maps, YouTube, Google Formulare, HubSpot CMS Hub, WordPress, Cloudflare Turnstile, DocuSign, Google Anmeldung und Google Cloud.<\/span><\/p><p><strong>2. Kontaktinformationen<\/strong><\/p><p><span style=\"font-weight: 300;\">Wenn Sie Fragen oder Bedenken zum Schutz Ihrer Daten haben, k\u00f6nnen Sie uns jederzeit per E-Mail unter contact@thehuman.space erreichen. Verantwortlich f\u00fcr die Datenverarbeitung \u00fcber diese Website ist:<\/span><\/p><p><span style=\"font-weight: 300;\">The Human Space AG<\/span><span style=\"font-weight: 300;\"><br \/><\/span><span style=\"font-weight: 300;\">Zugerstrasse 40<\/span><span style=\"font-weight: 300;\"><br \/><\/span><span style=\"font-weight: 300;\">8810 Horgen<\/span><span style=\"font-weight: 300;\"><br \/><\/span><span style=\"font-weight: 300;\">Schweiz<\/span><span style=\"font-weight: 300;\"><br \/><\/span><span style=\"font-weight: 300;\"><br \/><\/span><span style=\"font-weight: 300;\">Datenschutzbeauftragter<\/span><span style=\"font-weight: 300;\"><br \/><\/span><span style=\"font-weight: 300;\">contact@thehuman.space<\/span><span style=\"font-weight: 300;\"><br \/><\/span><span style=\"font-weight: 300;\">+41 79 89 777 44<\/span><\/p><p><strong>3. Allgemeine Grunds\u00e4tze<\/strong><\/p><p><strong>3.1 Welche Daten wir von Ihnen erheben und von wem wir diese Daten erhalten<\/strong><\/p><p><span style=\"font-weight: 300;\">In erster Linie verarbeiten wir personenbezogene Daten, die Sie uns zur Verf\u00fcgung stellen oder die wir beim Betrieb unserer Website erheben oder von Ihnen direkt erhalten. Wir k\u00f6nnen auch personenbezogene Daten \u00fcber Sie von Dritten erhalten. Diese k\u00f6nnen folgende Kategorien umfassen:<\/span><\/p><ul><li style=\"list-style-type: none;\"><ul><li style=\"font-weight: 300;\" aria-level=\"1\"><span style=\"font-weight: 300;\">Pers\u00f6nliche Stamm- und Kontaktdaten (Name, Adresse usw.);<\/span><\/li><\/ul><\/li><\/ul><ul><li style=\"list-style-type: none;\"><ul><li style=\"font-weight: 300;\" aria-level=\"1\"><span style=\"font-weight: 300;\">Kontaktinformationen (Handynummer, E-Mail-Adresse, LinkedIn-Profil usw.);<\/span><\/li><\/ul><\/li><\/ul><ul><li style=\"list-style-type: none;\"><ul><li style=\"font-weight: 300;\" aria-level=\"1\"><span style=\"font-weight: 300;\">Finanzdaten der Organisation (z. B. Kontodetails);<\/span><\/li><\/ul><\/li><\/ul><ul><li style=\"list-style-type: none;\"><ul><li style=\"font-weight: 300;\" aria-level=\"1\"><span style=\"font-weight: 300;\">Online-Identifikatoren (z. B. Cookie-Identifikator, IP-Adressen);<\/span><\/li><\/ul><\/li><\/ul><ul><li style=\"list-style-type: none;\"><ul><li style=\"font-weight: 300;\" aria-level=\"1\"><span style=\"font-weight: 300;\">Standort- und Verkehrsdaten;<\/span><\/li><\/ul><\/li><\/ul><ul><li style=\"list-style-type: none;\"><ul><li style=\"font-weight: 300;\" aria-level=\"1\"><span style=\"font-weight: 300;\">Ton- und Bilddaten;<\/span><\/li><\/ul><\/li><\/ul><ul><li style=\"list-style-type: none;\"><ul><li style=\"font-weight: 300;\" aria-level=\"1\"><span style=\"font-weight: 300;\"><span style=\"font-weight: 300;\">besonders sensible Daten zum Beispiel durch die Coaching-Umfrage (z. B. biometrische Daten oder Informationen zu Ihrer Gesundheit).<\/span><\/span><p>\u00a0<\/p><\/li><\/ul><\/li><\/ul><p><strong>3.2 Unter welchen Bedingungen verarbeiten wir Ihre Daten?<\/strong><\/p><p><span style=\"font-weight: 300;\">Wir verarbeiten Ihre Daten in gutem Glauben und zu den in dieser Datenschutzerkl\u00e4rung und in Ihrer individualisierten Vereinbarung festgelegten Zwecken. Dabei gew\u00e4hrleisten wir eine transparente und angemessene Verarbeitung.<\/span><span style=\"font-weight: 300;\"><br \/><\/span><span style=\"font-weight: 300;\"><br \/><\/span><span style=\"font-weight: 300;\">Wenn wir in Ausnahmef\u00e4llen diesen Grunds\u00e4tzen nicht nachkommen k\u00f6nnen, kann die Datenverarbeitung dennoch rechtm\u00e4\u00dfig sein, da es eine Rechtfertigung gibt. Eine Rechtfertigungsgrund kann insbesondere sein:<\/span><\/p><ul><li style=\"list-style-type: none;\"><ul><li style=\"font-weight: 300;\" aria-level=\"1\"><span style=\"font-weight: 300;\">Ihre Zustimmung;<\/span><\/li><\/ul><\/li><\/ul><ul><li style=\"list-style-type: none;\"><ul><li style=\"font-weight: 300;\" aria-level=\"1\"><span style=\"font-weight: 300;\">die Durchf\u00fchrung eines Vertrags oder vorvertraglicher Ma\u00dfnahmen;<\/span><\/li><\/ul><\/li><\/ul><ul><li style=\"list-style-type: none;\"><ul><li style=\"font-weight: 300;\" aria-level=\"1\"><span style=\"font-weight: 300;\"><span style=\"font-weight: 300;\">unsere berechtigten Interessen, sofern Ihre Interessen nicht \u00fcberwiegen.<\/span><\/span><\/li><\/ul><\/li><\/ul><p><strong>3.3 Wie k\u00f6nnen Sie Ihre Einwilligung widerrufen?<\/strong><\/p><p><span style=\"font-weight: 300;\">Wir verarbeiten Ihre Daten im Rahmen dieser Datenschutzerkl\u00e4rung oder Ihrer individualisierten Vereinbarung, es sei denn, es gibt eine andere Rechtfertigung.<\/span><span style=\"font-weight: 300;\"><br \/><\/span><span style=\"font-weight: 300;\"><br \/><\/span><span style=\"font-weight: 300;\">Sie k\u00f6nnen Ihre Einwilligung jederzeit widerrufen, indem Sie eine E-Mail an die im Impressum angegebene Adresse senden. Die bereits erfolgte Datenverarbeitung wird hiervon nicht beeinflusst.<\/span><\/p><p><strong>3.4 In welchen F\u00e4llen k\u00f6nnen wir Ihre Daten mit Dritten teilen?<\/strong><\/p><p><strong>Prinzip<\/strong><\/p><p><span style=\"font-weight: 300;\">Wir m\u00fcssen uns gegebenenfalls auf die Dienste von Dritten oder verbundenen Unternehmen verlassen und sie mit der Verarbeitung Ihrer Daten beauftragen (sogenannte Auftragsverarbeiter). Zu den Empf\u00e4ngerkategorien geh\u00f6ren insbesondere:<\/span><\/p><ul><li style=\"list-style-type: none;\"><ul><li style=\"font-weight: 300;\" aria-level=\"1\"><span style=\"font-weight: 300;\">Buchhaltungs-, Treuhand- und Pr\u00fcfungsgesellschaft<\/span><\/li><\/ul><\/li><\/ul><ul><li style=\"list-style-type: none;\"><ul><li style=\"font-weight: 300;\" aria-level=\"1\"><span style=\"font-weight: 300;\">Beratungsunternehmen (Rechts-, Steuerberatung usw.);<\/span><\/li><\/ul><\/li><\/ul><ul><li style=\"list-style-type: none;\"><ul><li style=\"font-weight: 300;\" aria-level=\"1\"><span style=\"font-weight: 300;\">IT-Dienstleister (Webhosting, Support, Cloud-Services, Webdesign usw.);<\/span><\/li><\/ul><\/li><\/ul><ul><li style=\"list-style-type: none;\"><ul><li style=\"font-weight: 300;\" aria-level=\"1\"><span style=\"font-weight: 300;\">Zahlungsdienstleister;<\/span><\/li><\/ul><\/li><\/ul><ul><li style=\"list-style-type: none;\"><ul><li style=\"font-weight: 300;\" aria-level=\"1\"><span style=\"font-weight: 300;\"><span style=\"font-weight: 300;\">Anbieter von Tracking-, Konversions- und Werbediensten.<\/span><\/span><\/li><\/ul><\/li><\/ul><p><span style=\"font-weight: 300;\">Wir stellen sicher, dass diese Dritten und unsere verbundenen Unternehmen die Anforderungen des Datenschutzes einhalten und Ihre personenbezogenen Daten vertraulich behandeln. Wir k\u00f6nnen auch verpflichtet sein, Ihre personenbezogenen Informationen an Beh\u00f6rden weiterzugeben.<\/span><\/p><p><strong>Den Besuch unserer Social-Media-Kan\u00e4le<\/strong><\/p><p><span style=\"font-weight: 300;\">Wir haben Links zu unseren Social-Media-Kan\u00e4len auf unserer Website eingebettet. Dies ist jeweils anhand entsprechender Symbole f\u00fcr Sie ersichtlich. Wenn Sie auf die Symbole klicken, werden Sie zu unseren Social-Media-Kan\u00e4len weitergeleitet. In diesem Fall erfahren die Anbieter von sozialen Medien, dass Sie von unserer Website auf ihre Plattform zugreifen. Die Anbieter von sozialen Medien k\u00f6nnen die auf diese Weise gesammelten Daten f\u00fcr eigene Zwecke nutzen. Wir m\u00f6chten darauf hinweisen, dass wir keine Kenntnis vom Inhalt der \u00fcbermittelten Daten oder deren Verwendung durch die Betreiber haben.<\/span><\/p><p><strong>\u00dcbertragung ins Ausland<\/strong><\/p><p><span style=\"font-weight: 300;\">Unter bestimmten Umst\u00e4nden k\u00f6nnen Ihre personenbezogenen Daten im Rahmen der Auftragsverarbeitung an ausl\u00e4ndische Unternehmen \u00fcbermittelt werden. Diese Unternehmen sind in gleicher Weise zur Einhaltung des Datenschutzes verpflichtet wie wir. Die \u00dcbertragung kann weltweit erfolgen. Wenn das Datenschutzniveau nicht dem in der Schweiz entspricht, f\u00fchren wir eine vorherige Risikobewertung durch und stellen vertraglich sicher, dass dasselbe Schutzniveau garantiert ist wie in der Schweiz (z. B. durch Verwendung der neuen Standardvertragsklauseln der EU-Kommission oder anderer gesetzlich vorgeschriebener Ma\u00dfnahmen). Ist unsere Risikobewertung negativ, ergreifen wir zus\u00e4tzliche technische Ma\u00dfnahmen zum Schutz Ihrer Daten. Die Standardvertragsklauseln der EU-Kommission finden Sie unter folgendem Link: https:\/\/commission.europa.eu\/publications\/standard-contractual-clauses-controllers-and-processors-eueea_de<\/span><\/p><p><strong>3.5 Wie lange speichern wir Ihre Daten?<\/strong><\/p><p><span style=\"font-weight: 300;\">Wir speichern personenbezogene Daten nur so lange, wie es f\u00fcr die Erf\u00fcllung der jeweiligen Zwecke, f\u00fcr die die Daten erhoben wurden, erforderlich ist. Daten, die wir bei Ihrem Besuch auf unserer Website speichern, werden zw\u00f6lf Monate lang aufbewahrt. Eine Ausnahme bilden Analyse- und Tracking-Daten, die l\u00e4nger aufbewahrt werden k\u00f6nnen. Wir speichern Vertragsdaten l\u00e4nger, da wir gesetzlich dazu verpflichtet sind. Insbesondere m\u00fcssen wir Gesch\u00e4ftskorrespondenz, abgeschlossene Vertr\u00e4ge und Buchhaltungsunterlagen bis zu 10 Jahren aufbewahren. Soweit wir solche Daten von Ihnen nicht mehr f\u00fcr die Erbringung der Dienste ben\u00f6tigen, werden die Daten gesperrt und nur noch f\u00fcr Buchhaltungs- und Steuerzwecke verwendet.<\/span><\/p><p><span style=\"font-weight: 300;\">3.6 Wie sch\u00fctzen wir Ihre Daten?<\/span><\/p><p><span style=\"font-weight: 300;\">Wir sichern Ihre Informationen und ergreifen alle angemessenen Ma\u00dfnahmen, um Ihre Informationen vor Verlust, unbefugtem Zugriff, Missbrauch oder \u00c4nderung zu sch\u00fctzen. Unsere Vertragspartner und Mitarbeiter, die Zugriff auf Ihre Daten haben, sind verpflichtet, die Datenschutzbestimmungen einzuhalten. In einigen F\u00e4llen kann es erforderlich sein, dass wir Ihre Anfragen an mit uns verbundene Unternehmen weiterleiten. Auch in diesen F\u00e4llen werden Ihre Daten vertraulich behandelt. Auf unserer Website verwenden wir das SSL (Secure Socket Layer)-Verfahren in Verbindung mit dem h\u00f6chsten Verschl\u00fcsselungsgrad, den Ihr Browser unterst\u00fctzt.<\/span><\/p><p><strong>3.7 Welche Rechte haben Sie?<\/strong><\/p><p><strong> Auskunftsrecht<\/strong><\/p><p><span style=\"font-weight: 300;\">Sie k\u00f6nnen jederzeit Auskunft \u00fcber die Daten verlangen, die wir \u00fcber Sie gespeichert haben. Wir bitten Sie, Ihr Auskunftsersuchen zusammen mit einem Identit\u00e4tsnachweis an contact@thehuman.space zu senden. Sie haben auch das Recht, Ihre Daten in einem g\u00e4ngigen Dateiformat zu erhalten, wenn wir Ihre Daten automatisch verarbeiten und wenn Sie Ihre Einwilligung zur Verarbeitung dieser Daten gegeben haben; oder Sie Daten im Zusammenhang mit dem Abschluss oder der Durchf\u00fchrung eines Vertrags offengelegt haben. Wir k\u00f6nnen die Bereitstellung von Informationen oder Daten einschr\u00e4nken oder verweigern, wenn dies mit unseren gesetzlichen Verpflichtungen, unseren berechtigten Interessen, \u00f6ffentlichen Interessen oder den Interessen eines Dritten in Konflikt steht. Die Bearbeitung Ihres Antrags unterliegt der gesetzlichen Bearbeitungsfrist von 30 Tagen. Wir k\u00f6nnen diese Frist jedoch aufgrund eines hohen Anfragevolumens, aus rechtlichen oder technischen Gr\u00fcnden oder weil wir weitere detaillierte Informationen von Ihnen ben\u00f6tigen, verl\u00e4ngern. \u00dcber die Verl\u00e4ngerung der Frist werden Sie rechtzeitig informiert, mindestens in Textform.<\/span><\/p><p><strong> L\u00f6schung und Berichtigung<\/strong><\/p><p><span style=\"font-weight: 300;\">Sie haben die M\u00f6glichkeit, die L\u00f6schung oder Berichtigung Ihrer Daten jederzeit zu beantragen. Wir k\u00f6nnen den Antrag ablehnen, wenn gesetzliche Bestimmungen uns verpflichten, die Daten f\u00fcr einen l\u00e4ngeren Zeitraum zu speichern oder unver\u00e4ndert zu belassen oder wenn Ihr Antrag im Widerspruch zu einer gesetzlichen Anforderung steht. Bitte beachten Sie, dass die Aus\u00fcbung Ihrer Rechte im Widerspruch zu vertraglichen Vereinbarungen stehen und entsprechende Auswirkungen auf die Vertragserf\u00fcllung haben kann (z. B. vorzeitige Vertragsbeendigung oder Kostenfolgen).<\/span><\/p><p><strong> Rechtsweg<\/strong><\/p><p><span style=\"font-weight: 300;\">Wenn Sie von der Verarbeitung personenbezogener Daten betroffen sind, haben Sie das Recht, Ihre Rechte vor Gericht durchzusetzen oder sich bei der zust\u00e4ndigen Aufsichtsbeh\u00f6rde zu beschweren. Die zust\u00e4ndige Aufsichtsbeh\u00f6rde in der Schweiz ist der Eidgen\u00f6ssische Datenschutz- und \u00d6ffentlichkeitsbeauftragte: https:\/\/www.edoeb.admin.ch.\u00a0<\/span><\/p><p><strong>3.8 \u00c4nderungen der Datenschutzrichtlinie<\/strong><\/p><p><span style=\"font-weight: 300;\">Wir k\u00f6nnen diese Datenschutzrichtlinie jederzeit \u00e4ndern. Die \u00c4nderungen werden auf https:\/\/www.thehuman.space\/ ver\u00f6ffentlicht, Sie werden nicht gesondert informiert.<\/span><\/p><p><strong>4. Einzelne Datenverarbeitungsvorg\u00e4nge<\/strong><\/p><p><strong>4.1 Bereitstellung der Website und Erstellung von Logdateien<\/strong><\/p><p><strong>Welche Informationen erhalten wir und wie verwenden wir sie?<\/strong><\/p><p>Durch den Besuch von <a href=\"https:\/\/www.thehuman.space\/\" target=\"_new\" rel=\"noopener\">https:\/\/www.thehuman.space\/<\/a> werden bestimmte Daten automatisch auf unseren Servern oder auf den Servern von Diensten und Produkten, die wir beziehen und\/oder installiert haben, zu Zwecken der Systemadministration, zu statistischen oder Backup-Zwecken oder zu Tracking-Zwecken gespeichert. Dazu geh\u00f6ren:<\/p><ul><li>der Name Ihres Internetdienstanbieters;<\/li><li>Ihre IP-Adresse (unter bestimmten Umst\u00e4nden);<\/li><li>die Version Ihrer Browser-Software;<\/li><li>das Betriebssystem des Computers, mit dem die URL aufgerufen wird;<\/li><li>Datum und Uhrzeit des Zugriffs;<\/li><li>die Webseite, von der aus Sie die URL besuchen;<\/li><li>die Suchw\u00f6rter, die Sie verwendet haben, um die URL zu finden.<br \/><br \/><\/li><\/ul><p><strong>Warum d\u00fcrfen wir diese Daten verarbeiten?<\/strong><\/p><p>Diese Daten k\u00f6nnen keiner bestimmten Person zugeordnet werden, und es erfolgt keine Zusammenf\u00fchrung dieser Daten mit anderen Datenquellen. Die Logdateien werden gespeichert, um die Funktionalit\u00e4t der Website zu gew\u00e4hrleisten und die Sicherheit unserer informationstechnischen Systeme sicherzustellen. Dies liegt in unserem berechtigten Interesse.<\/p><p><strong>Wie k\u00f6nnen Sie die Datenerfassung verhindern?<\/strong><\/p><p>Die Daten werden nur so lange gespeichert, wie es erforderlich ist, um den Zweck zu erreichen, f\u00fcr den sie erhoben wurden. Dementsprechend werden die Daten nach dem Ende jeder Sitzung gel\u00f6scht. Die Speicherung der Logdateien ist f\u00fcr den Betrieb der Website zwingend erforderlich, daher haben Sie keine M\u00f6glichkeit, Widerspruch einzulegen.<\/p><p><strong>4.2 HubSpot<\/strong><\/p><p>Unsere Website verwendet HubSpot, einen Dienst von HubSpot Inc., f\u00fcr verschiedene Marketing- und Vertriebsaktivit\u00e4ten. HubSpot ist eine integrierte Softwarel\u00f6sung, die wir f\u00fcr unsere Inbound-Marketing-Aktivit\u00e4ten, Lead-Generierung, E-Mail-Marketing, CRM (Customer Relationship Management) und Kontaktformular-Management nutzen. Wenn Sie unsere Website besuchen oder \u00fcber die auf unserer Website bereitgestellten Formulare mit uns interagieren, werden bestimmte Informationen \u00fcber Ihren Besuch erfasst und gespeichert. Dazu geh\u00f6ren Ihre IP-Adresse, das Datum und die Dauer Ihres Besuchs, die von Ihnen besuchten Seiten sowie Informationen \u00fcber den von Ihnen verwendeten Browser und das Betriebssystem. Wenn Sie uns \u00fcber ein Formular kontaktieren, werden die von Ihnen angegebenen Daten (z.B. Name, E-Mail-Adresse) gespeichert. HubSpot verwendet Cookies, um das Verhalten der Besucher unserer Website zu analysieren. Dies hilft uns, das Benutzererlebnis auf unserer Website zu verbessern und unsere Marketingaktivit\u00e4ten effektiver zu gestalten. Die von HubSpot erfassten Informationen helfen uns, unsere Marketing- und Vertriebsaktivit\u00e4ten besser auf die Bed\u00fcrfnisse unserer Besucher und Kunden abzustimmen, unsere Kundenbeziehungen zu pflegen und zu optimieren und die Wirksamkeit unserer Marketingkampagnen zu messen. Die Datenverarbeitung ist sicher und erfolgt in \u00dcbereinstimmung mit den geltenden Datenschutzbestimmungen. HubSpot ist nach den EU-US-Datenschutzbestimmungen zertifiziert und verpflichtet sich, alle Datenschutzanforderungen der Europ\u00e4ischen Union (EU) zu erf\u00fcllen.<\/p><p><strong>4.3 MailChimp<\/strong><\/p><p>F\u00fcr den Versand von Newslettern und E-Mail-Benachrichtigungen verwenden wir den Dienst MailChimp, angeboten von The Rocket Science Group, LLC, 675 Ponce de Leon Ave NE, Suite 5000, Atlanta, GA 30308, USA. Wenn Sie sich f\u00fcr unseren Newsletter anmelden, werden die von Ihnen angegebenen Daten und Ihre E-Mail-Adresse an MailChimp \u00fcbermittelt, gespeichert und verarbeitet. Dies erm\u00f6glicht es uns, Ihnen regelm\u00e4\u00dfige Updates, Angebote und Informationen zuzusenden. Durch die Anmeldung zum Newsletter werden Ihre IP-Adresse und das Datum der Anmeldung gespeichert. Diese Speicherung dient ausschlie\u00dflich als Nachweis, falls ein Dritter eine E-Mail-Adresse missbraucht und sich ohne das Wissen der berechtigten Person f\u00fcr den Empfang des Newsletters anmeldet. MailChimp bietet umfangreiche Analysen dar\u00fcber, wie die gesendeten Newsletter ge\u00f6ffnet und genutzt werden. Diese Analysen sind gruppenbezogen und werden von uns nicht zur individuellen Auswertung verwendet. Die von MailChimp gespeicherten Daten werden gel\u00f6scht, sobald Sie sich von unserem Newsletter abmelden. Dies betrifft keine Daten, die bei uns zu anderen Zwecken gespeichert sind. MailChimp hat eigene Datenschutzrichtlinien, die von denen auf unserer Website abweichen k\u00f6nnen. Weitere Informationen zu den Datenschutzpraktiken von MailChimp finden Sie unter: <a href=\"https:\/\/mailchimp.com\/legal\/privacy\/\" target=\"_new\" rel=\"noopener\">https:\/\/mailchimp.com\/legal\/privacy\/<\/a>. Wenn Sie Fragen zu den von MailChimp erhobenen Daten haben oder Ihre Rechte in Bezug auf diese Daten aus\u00fcben m\u00f6chten, wenden Sie sich bitte direkt an The Rocket Science Group, LLC.<\/p><p><strong>4.4 Google Analytics<\/strong><\/p><p>Wir verwenden Google Analytics auf unserer Website, einen Webanalysedienst der Google LLC (1600 Amphitheatre Parkway, Mountain View, CA 94043, USA; \u201eGoogle\u201c). Google Analytics verwendet \u201eCookies\u201c, Textdateien, die auf Ihrem Computer gespeichert werden und eine Analyse der Benutzung der Website durch Sie erm\u00f6glichen. Die durch das Cookie erzeugten Informationen \u00fcber Ihre Nutzung dieser Website werden an einen Server von Google in den USA \u00fcbertragen und dort gespeichert. Im Falle der Aktivierung der IP-Anonymisierung auf dieser Website wird Ihre IP-Adresse jedoch von Google innerhalb von Mitgliedstaaten der Europ\u00e4ischen Union oder in anderen Vertragsstaaten des Abkommens \u00fcber den Europ\u00e4ischen Wirtschaftsraum zuvor gek\u00fcrzt. Nur in Ausnahmef\u00e4llen wird die volle IP-Adresse an einen Server von Google in den USA \u00fcbertragen und dort gek\u00fcrzt. Im Auftrag des Betreibers dieser Website wird Google diese Informationen benutzen, um Ihre Nutzung der Website auszuwerten, Reports \u00fcber die Website-Aktivit\u00e4ten zusammenzustellen und weitere mit der Websitenutzung und der Internetnutzung verbundene Dienstleistungen gegen\u00fcber dem Website-Betreiber zu erbringen. Die im Rahmen von Google Analytics von Ihrem Browser \u00fcbermittelte IP-Adresse wird nicht mit anderen Daten von Google zusammengef\u00fchrt. Sie k\u00f6nnen die Speicherung der Cookies durch eine entsprechende Einstellung Ihrer Browser-Software verhindern; wir weisen jedoch darauf hin, dass Sie in diesem Fall gegebenenfalls nicht s\u00e4mtliche Funktionen dieser Website vollumf\u00e4nglich werden nutzen k\u00f6nnen. Sie k\u00f6nnen dar\u00fcber hinaus die Erfassung der durch das Cookie erzeugten und auf Ihre Nutzung der Website bezogenen Daten (inkl. Ihrer IP-Adresse) an Google sowie die Verarbeitung dieser Daten durch Google verhindern, indem Sie das unter folgendem Link verf\u00fcgbare Browser-Plugin herunterladen und installieren:<\/p><p><a href=\"https:\/\/tools.google.com\/dlpage\/gaoptout\" target=\"_new\" rel=\"noopener\">https:\/\/tools.google.com\/dlpage\/gaoptout<\/a>.<\/p>\t\t\t\t\t\t\t\t<\/div>\n\t\t\t\t<\/div>\n\t\t\t\t\t<\/div>\n\t\t\t\t<\/div>\n\t\t\t\t<\/div>\n\t\t","protected":false},"excerpt":{"rendered":"<p>Datenschutz Zuletzt aktualisiert am: 06.05.2024 Der transparente Umgang mit personenbezogenen Daten ist uns sehr wichtig. Diese Datenschutzerkl\u00e4rung gibt Auskunft dar\u00fcber, welche personenbezogenen Daten wir erheben, zu welchem Zweck und an wen wir sie weitergeben. Wir \u00fcberpr\u00fcfen und aktualisieren regelm\u00e4\u00dfig diese Datenschutzrichtlinie, um ein H\u00f6chstma\u00df an Transparenz sicherzustellen. 1. Welche Dienste wir nutzen MailChimp, Google Analytics, [&hellip;]<\/p>\n","protected":false},"author":1,"featured_media":3699,"parent":0,"menu_order":0,"comment_status":"closed","ping_status":"closed","template":"","meta":{"_seopress_robots_primary_cat":"","_seopress_titles_title":"","_seopress_titles_desc":"","_seopress_robots_index":"","_joinchat":[],"footnotes":""},"class_list":["post-3824","page","type-page","status-publish","has-post-thumbnail","hentry"],"_links":{"self":[{"href":"https:\/\/thehuman.space\/de\/wp-json\/wp\/v2\/pages\/3824","targetHints":{"allow":["GET"]}}],"collection":[{"href":"https:\/\/thehuman.space\/de\/wp-json\/wp\/v2\/pages"}],"about":[{"href":"https:\/\/thehuman.space\/de\/wp-json\/wp\/v2\/types\/page"}],"author":[{"embeddable":true,"href":"https:\/\/thehuman.space\/de\/wp-json\/wp\/v2\/users\/1"}],"replies":[{"embeddable":true,"href":"https:\/\/thehuman.space\/de\/wp-json\/wp\/v2\/comments?post=3824"}],"version-history":[{"count":13,"href":"https:\/\/thehuman.space\/de\/wp-json\/wp\/v2\/pages\/3824\/revisions"}],"predecessor-version":[{"id":4047,"href":"https:\/\/thehuman.space\/de\/wp-json\/wp\/v2\/pages\/3824\/revisions\/4047"}],"wp:featuredmedia":[{"embeddable":true,"href":"https:\/\/thehuman.space\/de\/wp-json\/wp\/v2\/media\/3699"}],"wp:attachment":[{"href":"https:\/\/thehuman.space\/de\/wp-json\/wp\/v2\/media?parent=3824"}],"curies":[{"name":"wp","href":"https:\/\/api.w.org\/{rel}","templated":true}]}}